{"id":49,"date":"2024-03-24T13:02:48","date_gmt":"2024-03-24T12:02:48","guid":{"rendered":"https:\/\/dolchherz.de\/?page_id=49"},"modified":"2026-02-09T15:02:54","modified_gmt":"2026-02-09T14:02:54","slug":"faq","status":"publish","type":"page","link":"https:\/\/dolchherz.de\/?page_id=49","title":{"rendered":"FAQ"},"content":{"rendered":"\n<h2 class=\"wp-block-heading\">Dolchherz<\/h2>\n\n\n<div class=\"alignnone\"><style>#sp-ea-75 .spcollapsing { height: 0; overflow: hidden; transition-property: height;transition-duration: 300ms;}#sp-ea-75.sp-easy-accordion>.sp-ea-single {margin-bottom: 10px; border: 1px solid #e2e2e2; }#sp-ea-75.sp-easy-accordion>.sp-ea-single>.ea-header a {color: #444;}#sp-ea-75.sp-easy-accordion>.sp-ea-single>.sp-collapse>.ea-body {background: #fff; color: #444;}#sp-ea-75.sp-easy-accordion>.sp-ea-single {background: #eee;}#sp-ea-75.sp-easy-accordion>.sp-ea-single>.ea-header a .ea-expand-icon { float: left; color: #444;font-size: 16px;}<\/style><div id=\"sp_easy_accordion-1711539572\"><div id=\"sp-ea-75\" class=\"sp-ea-one sp-easy-accordion\" data-ea-active=\"ea-click\" data-ea-mode=\"vertical\" data-preloader=\"\" data-scroll-active-item=\"\" data-offset-to-scroll=\"0\"><div class=\"ea-card ea-expand sp-ea-single\"><h3 class=\"ea-header\"><a class=\"collapsed\" id=\"ea-header-750\" role=\"button\" data-sptoggle=\"spcollapse\" data-sptarget=\"#collapse750\" aria-controls=\"collapse750\" href=\"#\" aria-expanded=\"true\" tabindex=\"0\"><i aria-hidden=\"true\" role=\"presentation\" class=\"ea-expand-icon eap-icon-ea-expand-minus\"><\/i> Was ist Dolchherz?<\/a><\/h3><div class=\"sp-collapse spcollapse collapsed show\" id=\"collapse750\" data-parent=\"#sp-ea-75\" role=\"region\" aria-labelledby=\"ea-header-750\"> <div class=\"ea-body\"><p>Dolchherz ist eine deutsche Fanseite zum kommenden Pen-und-Paper Rollenspiel <a href=\"https:\/\/www.daggerheart.com\" target=\"_blank\" rel=\"noopener\">Daggerheart<\/a> von <a href=\"https:\/\/darringtonpress.com\" target=\"_blank\" rel=\"noopener\">Darrington Press<\/a> das sich aktuell in einer Offenen Beta befindet.<\/p><\/div><\/div><\/div><div class=\"ea-card sp-ea-single\"><h3 class=\"ea-header\"><a class=\"collapsed\" id=\"ea-header-751\" role=\"button\" data-sptoggle=\"spcollapse\" data-sptarget=\"#collapse751\" aria-controls=\"collapse751\" href=\"#\" aria-expanded=\"false\" tabindex=\"0\"><i aria-hidden=\"true\" role=\"presentation\" class=\"ea-expand-icon eap-icon-ea-expand-plus\"><\/i> Ist Dolchherz die offzielle deutsche Seite?<\/a><\/h3><div class=\"sp-collapse spcollapse \" id=\"collapse751\" data-parent=\"#sp-ea-75\" role=\"region\" aria-labelledby=\"ea-header-751\"> <div class=\"ea-body\"><p>NEIN. Dies ist nur eine Fanseite die von einer Privatperson betrieben wird. Sie ist in keiner Weise mit Darrington Press, Critical Role oder Pegasus Spiele verbunden.<\/p><\/div><\/div><\/div><\/div><\/div><\/div>\n\n\n<h2 class=\"wp-block-heading\">Allgemein<\/h2>\n\n\n<div class=\"alignnone\"><style>#sp-ea-51 .spcollapsing { height: 0; overflow: hidden; transition-property: height;transition-duration: 300ms;}#sp-ea-51.sp-easy-accordion>.sp-ea-single {margin-bottom: 10px; border: 1px solid #e2e2e2; }#sp-ea-51.sp-easy-accordion>.sp-ea-single>.ea-header a {color: #444;}#sp-ea-51.sp-easy-accordion>.sp-ea-single>.sp-collapse>.ea-body {background: #fff; color: #444;}#sp-ea-51.sp-easy-accordion>.sp-ea-single {background: #eee;}#sp-ea-51.sp-easy-accordion>.sp-ea-single>.ea-header a .ea-expand-icon { float: left; color: #444;font-size: 16px;}<\/style><div id=\"sp_easy_accordion-1711281439\"><div id=\"sp-ea-51\" class=\"sp-ea-one sp-easy-accordion\" data-ea-active=\"ea-click\" data-ea-mode=\"vertical\" data-preloader=\"\" data-scroll-active-item=\"\" data-offset-to-scroll=\"0\"><div class=\"ea-card sp-ea-single\"><h3 class=\"ea-header\"><a class=\"collapsed\" id=\"ea-header-510\" role=\"button\" data-sptoggle=\"spcollapse\" data-sptarget=\"#collapse510\" aria-controls=\"collapse510\" href=\"#\" aria-expanded=\"false\" tabindex=\"0\"><i aria-hidden=\"true\" role=\"presentation\" class=\"ea-expand-icon eap-icon-ea-expand-plus\"><\/i> Was ist Daggerheart<\/a><\/h3><div class=\"sp-collapse spcollapse spcollapse\" id=\"collapse510\" data-parent=\"#sp-ea-51\" role=\"region\" aria-labelledby=\"ea-header-510\"> <div class=\"ea-body\"><p>Daggerheart ist ein Fantasy-Pen und Paper-Rollenspiel voller mutigen Heldentaten und lebendigen Welten, die in einer Spielgruppe gemeinsam aufgebaut werden. Erschaffe eine gemeinsame Geschichte mit deiner Abenteurergruppe und gestalte deine Welt durch ein reichhaltiges, erz\u00e4hlerisch fokussiertes Langzeit-Kampagnenspiel.<\/p><p>Wenn es an der Zeit ist, dass die Spielmechanik das Schicksal steuert, w\u00fcrfeln die Spieler einen HOFFNUNGS- und einen FURCHT-W\u00fcrfel (beides 12-seitige W\u00fcrfel), die letztendlich das Ergebnis f\u00fcr die Charaktere beeinflussen. Diese Dualit\u00e4t zwischen den Kr\u00e4ften der Hoffnung und der Furcht, die auf jeden Helden einwirken, treibt die einzigartigen, auf die Charaktere ausgerichteten Erz\u00e4hlungen in Daggerheart an.<\/p><p>Zus\u00e4tzlich zu den W\u00fcrfeln erleichtert das Kartensystem von Daggerheart den Einstieg in das Spiel und bietet die M\u00f6glichkeit, die F\u00e4higkeiten der Charaktere zu erweitern, indem es den Hintergrund und die F\u00e4higkeiten der Charaktere in die Hand nimmt. Die Karten &#8222;Abstammung&#8220; und &#8222;Gemeinschaft&#8220; beschreiben, woher ihr kommt und wie eure Erfahrungen eure Br\u00e4uche und Werte pr\u00e4gen. Die Unterklassen- und Dom\u00e4nenkarten verleihen deinem Charakter eine F\u00fclle von verlockenden F\u00e4higkeiten, aus denen du w\u00e4hlen kannst, w\u00e4hrend er sich weiterentwickelt. Erschaffe deinen einzigartigen Charakter durch die Karten, die du ausw\u00e4hlst, und die Geschichte, die du erz\u00e4hlst, und werde der Held, der du sein willst!<\/p><\/div><\/div><\/div><div class=\"ea-card sp-ea-single\"><h3 class=\"ea-header\"><a class=\"collapsed\" id=\"ea-header-511\" role=\"button\" data-sptoggle=\"spcollapse\" data-sptarget=\"#collapse511\" aria-controls=\"collapse511\" href=\"#\" aria-expanded=\"false\" tabindex=\"0\"><i aria-hidden=\"true\" role=\"presentation\" class=\"ea-expand-icon eap-icon-ea-expand-plus\"><\/i> Ich habe noch nie ein Pen und Paper Rollenspiel gespielt, ist Daggerheart f\u00fcr mich geeignet?<\/a><\/h3><div class=\"sp-collapse spcollapse spcollapse\" id=\"collapse511\" data-parent=\"#sp-ea-51\" role=\"region\" aria-labelledby=\"ea-header-511\"> <div class=\"ea-body\"><p>Aber sicher! Daggerheart wurde speziell so konzipiert, dass es f\u00fcr jeden leicht zu erlernen ist, unabh\u00e4ngig von der Erfahrung mit Tabletop-Spielen. Ihr k\u00f6nnt eure Charaktere und die Welt gemeinsam als Gruppe aufbauen, was die Sache f\u00fcr Neulinge etwas weniger einsch\u00fcchternd macht!<\/p><\/div><\/div><\/div><div class=\"ea-card sp-ea-single\"><h3 class=\"ea-header\"><a class=\"collapsed\" id=\"ea-header-512\" role=\"button\" data-sptoggle=\"spcollapse\" data-sptarget=\"#collapse512\" aria-controls=\"collapse512\" href=\"#\" aria-expanded=\"false\" tabindex=\"0\"><i aria-hidden=\"true\" role=\"presentation\" class=\"ea-expand-icon eap-icon-ea-expand-plus\"><\/i> Wird es Daggerheart auch auf Deutsch geben?<\/a><\/h3><div class=\"sp-collapse spcollapse spcollapse\" id=\"collapse512\" data-parent=\"#sp-ea-51\" role=\"region\" aria-labelledby=\"ea-header-512\"> <div class=\"ea-body\"><p>Ja, Pegasus Spiele hat angek\u00fcndigt das sie die \u00dcbersetzung machen werden. Die Kernregeln werden im Juli 2026 erscheinen, sowohl in einer Standard- als auch in einer Deluxe Edition.<\/p><\/div><\/div><\/div><\/div><\/div><\/div>","protected":false},"excerpt":{"rendered":"<p>Dolchherz Allgemein<\/p>\n","protected":false},"author":1,"featured_media":0,"parent":0,"menu_order":0,"comment_status":"closed","ping_status":"closed","template":"","meta":{"site-sidebar-layout":"default","site-content-layout":"","ast-site-content-layout":"default","site-content-style":"default","site-sidebar-style":"default","ast-global-header-display":"","ast-banner-title-visibility":"","ast-main-header-display":"","ast-hfb-above-header-display":"","ast-hfb-below-header-display":"","ast-hfb-mobile-header-display":"","site-post-title":"","ast-breadcrumbs-content":"","ast-featured-img":"","footer-sml-layout":"","ast-disable-related-posts":"","theme-transparent-header-meta":"","adv-header-id-meta":"","stick-header-meta":"","header-above-stick-meta":"","header-main-stick-meta":"","header-below-stick-meta":"","astra-migrate-meta-layouts":"default","ast-page-background-enabled":"default","ast-page-background-meta":{"desktop":{"background-color":"var(--ast-global-color-5)","background-image":"","background-repeat":"repeat","background-position":"center center","background-size":"auto","background-attachment":"scroll","background-type":"","background-media":"","overlay-type":"","overlay-color":"","overlay-opacity":"","overlay-gradient":""},"tablet":{"background-color":"","background-image":"","background-repeat":"repeat","background-position":"center center","background-size":"auto","background-attachment":"scroll","background-type":"","background-media":"","overlay-type":"","overlay-color":"","overlay-opacity":"","overlay-gradient":""},"mobile":{"background-color":"","background-image":"","background-repeat":"repeat","background-position":"center center","background-size":"auto","background-attachment":"scroll","background-type":"","background-media":"","overlay-type":"","overlay-color":"","overlay-opacity":"","overlay-gradient":""}},"ast-content-background-meta":{"desktop":{"background-color":"var(--ast-global-color-4)","background-image":"","background-repeat":"repeat","background-position":"center center","background-size":"auto","background-attachment":"scroll","background-type":"","background-media":"","overlay-type":"","overlay-color":"","overlay-opacity":"","overlay-gradient":""},"tablet":{"background-color":"var(--ast-global-color-4)","background-image":"","background-repeat":"repeat","background-position":"center center","background-size":"auto","background-attachment":"scroll","background-type":"","background-media":"","overlay-type":"","overlay-color":"","overlay-opacity":"","overlay-gradient":""},"mobile":{"background-color":"var(--ast-global-color-4)","background-image":"","background-repeat":"repeat","background-position":"center center","background-size":"auto","background-attachment":"scroll","background-type":"","background-media":"","overlay-type":"","overlay-color":"","overlay-opacity":"","overlay-gradient":""}},"footnotes":""},"class_list":["post-49","page","type-page","status-publish","hentry"],"jetpack-related-posts":[{"id":877,"url":"https:\/\/dolchherz.de\/?page_id=877","url_meta":{"origin":49,"position":0},"title":"Links","author":"Starocotes","date":"23. Januar 2026","format":false,"excerpt":"Darrington Press Daggerheart.com Card Creator Pegasus Daggerheart bei Pegasus Digital Schnellstartabenteuer Charakterb\u00f6gen Spielhilfen Sozial Media r\/Daggerheart auf Reddit r\/DaggerheartDeutsch auf Reddit Sonstiges Heart of Daggers - Homebrew, Begegnungen, Charaktere Foundryborne - Modul f\u00fcr das FoundryVTT","rel":"","context":"\u00c4hnlicher Beitrag","block_context":{"text":"\u00c4hnlicher Beitrag","link":""},"img":{"alt_text":"","src":"","width":0,"height":0},"classes":[]},{"id":3,"url":"https:\/\/dolchherz.de\/?page_id=3","url_meta":{"origin":49,"position":1},"title":"Datenschutzerkl\u00e4rung","author":"Starocotes","date":"20. M\u00e4rz 2024","format":false,"excerpt":"Wer wir sind Die Adresse unserer Website ist: https:\/\/dolchherz.de. Welche personenbezogenen Daten wir sammeln und warum wir sie sammeln Kommentare Wenn Besucher Kommentare auf der Website schreiben, sammeln wir die Daten, die im Kommentar-Formular angezeigt werden, au\u00dferdem die IP-Adresse des Besuchers und den User-Agent-String (damit wird der Browser identifiziert), um\u2026","rel":"","context":"\u00c4hnlicher Beitrag","block_context":{"text":"\u00c4hnlicher Beitrag","link":""},"img":{"alt_text":"","src":"","width":0,"height":0},"classes":[]},{"id":45,"url":"https:\/\/dolchherz.de\/?page_id=45","url_meta":{"origin":49,"position":2},"title":"Impressum","author":"Starocotes","date":"24. M\u00e4rz 2024","format":false,"excerpt":"Angaben gem\u00e4\u00df \u00a7 5 TMG: Stefan ImmelJohannisbergstr. 5335745 Herborn Kontakt: Telefon:+492772575247E-Mail:stefan@starocotes.de Verantwortlich f\u00fcr den Inhalt nach \u00a7 55 Abs. 2 RStV: Stefan ImmelJohannisbergstr. 5335745 Herborn Quelle: https:\/\/www.e-recht24.de Darrington Press, LLC. Community Gaming Licence Diese Webseite benutze Trademarks und Copyrights die Darrington Press, LLC. geh\u00f6ren und Darrington Press, LLC. Community Gaming\u2026","rel":"","context":"\u00c4hnlicher Beitrag","block_context":{"text":"\u00c4hnlicher Beitrag","link":""},"img":{"alt_text":"","src":"","width":0,"height":0},"classes":[]}],"jetpack_sharing_enabled":true,"jetpack_likes_enabled":true,"_links":{"self":[{"href":"https:\/\/dolchherz.de\/index.php?rest_route=\/wp\/v2\/pages\/49","targetHints":{"allow":["GET"]}}],"collection":[{"href":"https:\/\/dolchherz.de\/index.php?rest_route=\/wp\/v2\/pages"}],"about":[{"href":"https:\/\/dolchherz.de\/index.php?rest_route=\/wp\/v2\/types\/page"}],"author":[{"embeddable":true,"href":"https:\/\/dolchherz.de\/index.php?rest_route=\/wp\/v2\/users\/1"}],"replies":[{"embeddable":true,"href":"https:\/\/dolchherz.de\/index.php?rest_route=%2Fwp%2Fv2%2Fcomments&post=49"}],"version-history":[{"count":7,"href":"https:\/\/dolchherz.de\/index.php?rest_route=\/wp\/v2\/pages\/49\/revisions"}],"predecessor-version":[{"id":927,"href":"https:\/\/dolchherz.de\/index.php?rest_route=\/wp\/v2\/pages\/49\/revisions\/927"}],"wp:attachment":[{"href":"https:\/\/dolchherz.de\/index.php?rest_route=%2Fwp%2Fv2%2Fmedia&parent=49"}],"curies":[{"name":"wp","href":"https:\/\/api.w.org\/{rel}","templated":true}]}}