{"id":877,"date":"2026-01-23T12:12:08","date_gmt":"2026-01-23T11:12:08","guid":{"rendered":"https:\/\/dolchherz.de\/?page_id=877"},"modified":"2026-01-23T12:12:13","modified_gmt":"2026-01-23T11:12:13","slug":"links","status":"publish","type":"page","link":"https:\/\/dolchherz.de\/?page_id=877","title":{"rendered":"Links"},"content":{"rendered":"\n<h2 class=\"wp-block-heading\">Darrington Press<\/h2>\n\n\n\n<ul class=\"wp-block-list\">\n<li><a href=\"https:\/\/www.daggerheart.com\/\" target=\"_blank\" rel=\"noreferrer noopener\">Daggerheart.com<\/a><\/li>\n\n\n\n<li><a href=\"https:\/\/cardcreator.daggerheart.com\/\" target=\"_blank\" rel=\"noreferrer noopener\">Card Creator<\/a><\/li>\n<\/ul>\n\n\n\n<h2 class=\"wp-block-heading\">Pegasus<\/h2>\n\n\n\n<ul class=\"wp-block-list\">\n<li><a href=\"https:\/\/www.pegasusdigital.de\/de\/browse?keyword=daggerheart\" target=\"_blank\" rel=\"noreferrer noopener\">Daggerheart bei Pegasus Digital<\/a>\n<ul class=\"wp-block-list\">\n<li><a href=\"https:\/\/www.pegasusdigital.de\/de\/product\/553988\/daggerheart-botengang-im-zobelwald-schnellstart-abenteuer\" target=\"_blank\" rel=\"noreferrer noopener\">Schnellstartabenteuer<\/a><\/li>\n\n\n\n<li><a href=\"https:\/\/www.pegasusdigital.de\/de\/product\/553989\/daggerheart-charakterboegen-merkblaetter\" target=\"_blank\" rel=\"noreferrer noopener\">Charakterb\u00f6gen<\/a><\/li>\n\n\n\n<li><a href=\"https:\/\/www.pegasusdigital.de\/de\/product\/553993\/daggerheart-spielhilfen-zusaetze\" target=\"_blank\" rel=\"noreferrer noopener\">Spielhilfen<\/a><\/li>\n<\/ul>\n<\/li>\n<\/ul>\n\n\n\n<h2 class=\"wp-block-heading\">Sozial Media<\/h2>\n\n\n\n<ul class=\"wp-block-list\">\n<li><a href=\"https:\/\/www.reddit.com\/r\/daggerheart\/\" target=\"_blank\" rel=\"noreferrer noopener\">r\/Daggerheart <\/a>auf Reddit<\/li>\n\n\n\n<li><a href=\"https:\/\/www.reddit.com\/r\/DaggerheartDeutsch\/\" target=\"_blank\" rel=\"noreferrer noopener\">r\/DaggerheartDeutsch<\/a> auf Reddit<\/li>\n<\/ul>\n\n\n\n<h2 class=\"wp-block-heading\">Sonstiges<\/h2>\n\n\n\n<ul class=\"wp-block-list\">\n<li><a href=\"https:\/\/heartofdaggers.com\/\">Heart of Daggers<\/a> &#8211; Homebrew, Begegnungen, Charaktere<\/li>\n\n\n\n<li><a href=\"https:\/\/foundryborne.online\/\" target=\"_blank\" rel=\"noreferrer noopener\">Foundryborne<\/a> &#8211; Modul f\u00fcr das FoundryVTT<\/li>\n<\/ul>\n\n\n\n<p><\/p>\n","protected":false},"excerpt":{"rendered":"<p>Darrington Press Pegasus Sozial Media Sonstiges<\/p>\n","protected":false},"author":1,"featured_media":0,"parent":0,"menu_order":0,"comment_status":"closed","ping_status":"closed","template":"","meta":{"site-sidebar-layout":"default","site-content-layout":"","ast-site-content-layout":"default","site-content-style":"default","site-sidebar-style":"default","ast-global-header-display":"","ast-banner-title-visibility":"","ast-main-header-display":"","ast-hfb-above-header-display":"","ast-hfb-below-header-display":"","ast-hfb-mobile-header-display":"","site-post-title":"","ast-breadcrumbs-content":"","ast-featured-img":"","footer-sml-layout":"","ast-disable-related-posts":"","theme-transparent-header-meta":"","adv-header-id-meta":"","stick-header-meta":"","header-above-stick-meta":"","header-main-stick-meta":"","header-below-stick-meta":"","astra-migrate-meta-layouts":"default","ast-page-background-enabled":"default","ast-page-background-meta":{"desktop":{"background-color":"var(--ast-global-color-5)","background-image":"","background-repeat":"repeat","background-position":"center center","background-size":"auto","background-attachment":"scroll","background-type":"","background-media":"","overlay-type":"","overlay-color":"","overlay-opacity":"","overlay-gradient":""},"tablet":{"background-color":"","background-image":"","background-repeat":"repeat","background-position":"center center","background-size":"auto","background-attachment":"scroll","background-type":"","background-media":"","overlay-type":"","overlay-color":"","overlay-opacity":"","overlay-gradient":""},"mobile":{"background-color":"","background-image":"","background-repeat":"repeat","background-position":"center center","background-size":"auto","background-attachment":"scroll","background-type":"","background-media":"","overlay-type":"","overlay-color":"","overlay-opacity":"","overlay-gradient":""}},"ast-content-background-meta":{"desktop":{"background-color":"var(--ast-global-color-4)","background-image":"","background-repeat":"repeat","background-position":"center center","background-size":"auto","background-attachment":"scroll","background-type":"","background-media":"","overlay-type":"","overlay-color":"","overlay-opacity":"","overlay-gradient":""},"tablet":{"background-color":"var(--ast-global-color-4)","background-image":"","background-repeat":"repeat","background-position":"center center","background-size":"auto","background-attachment":"scroll","background-type":"","background-media":"","overlay-type":"","overlay-color":"","overlay-opacity":"","overlay-gradient":""},"mobile":{"background-color":"var(--ast-global-color-4)","background-image":"","background-repeat":"repeat","background-position":"center center","background-size":"auto","background-attachment":"scroll","background-type":"","background-media":"","overlay-type":"","overlay-color":"","overlay-opacity":"","overlay-gradient":""}},"jetpack_post_was_ever_published":false,"footnotes":""},"class_list":["post-877","page","type-page","status-publish","hentry"],"jetpack-related-posts":[{"id":45,"url":"https:\/\/dolchherz.de\/?page_id=45","url_meta":{"origin":877,"position":0},"title":"Impressum","author":"Starocotes","date":"24. M\u00e4rz 2024","format":false,"excerpt":"Angaben gem\u00e4\u00df \u00a7 5 TMG: Stefan ImmelJohannisbergstr. 5335745 Herborn Kontakt: Telefon:+492772575247E-Mail:stefan@starocotes.de Verantwortlich f\u00fcr den Inhalt nach \u00a7 55 Abs. 2 RStV: Stefan ImmelJohannisbergstr. 5335745 Herborn Quelle: https:\/\/www.e-recht24.de Darrington Press, LLC. Community Gaming Licence Diese Webseite benutze Trademarks und Copyrights die Darrington Press, LLC. geh\u00f6ren und Darrington Press, LLC. Community Gaming\u2026","rel":"","context":"\u00c4hnlicher Beitrag","block_context":{"text":"\u00c4hnlicher Beitrag","link":""},"img":{"alt_text":"","src":"","width":0,"height":0},"classes":[]}],"jetpack_sharing_enabled":true,"jetpack_likes_enabled":true,"_links":{"self":[{"href":"https:\/\/dolchherz.de\/index.php?rest_route=\/wp\/v2\/pages\/877","targetHints":{"allow":["GET"]}}],"collection":[{"href":"https:\/\/dolchherz.de\/index.php?rest_route=\/wp\/v2\/pages"}],"about":[{"href":"https:\/\/dolchherz.de\/index.php?rest_route=\/wp\/v2\/types\/page"}],"author":[{"embeddable":true,"href":"https:\/\/dolchherz.de\/index.php?rest_route=\/wp\/v2\/users\/1"}],"replies":[{"embeddable":true,"href":"https:\/\/dolchherz.de\/index.php?rest_route=%2Fwp%2Fv2%2Fcomments&post=877"}],"version-history":[{"count":1,"href":"https:\/\/dolchherz.de\/index.php?rest_route=\/wp\/v2\/pages\/877\/revisions"}],"predecessor-version":[{"id":878,"href":"https:\/\/dolchherz.de\/index.php?rest_route=\/wp\/v2\/pages\/877\/revisions\/878"}],"wp:attachment":[{"href":"https:\/\/dolchherz.de\/index.php?rest_route=%2Fwp%2Fv2%2Fmedia&parent=877"}],"curies":[{"name":"wp","href":"https:\/\/api.w.org\/{rel}","templated":true}]}}